{"id":2673,"date":"2025-02-04T15:03:33","date_gmt":"2025-02-04T14:03:33","guid":{"rendered":"https:\/\/iatf-france.fr\/iatf-publications\/"},"modified":"2026-03-11T16:09:00","modified_gmt":"2026-03-11T15:09:00","slug":"iatf-publications","status":"publish","type":"page","link":"https:\/\/www.iatf-france.fr\/es\/iatf-publications\/","title":{"rendered":"Publicaciones IATF"},"content":{"rendered":"<section class=\"mb-md-5  bandeau-secondaire  \">\n    <div class=\"visuel\">\n        <img decoding=\"async\" src=\"https:\/\/www.iatf-france.fr\/wp-content\/uploads\/2025\/02\/AdobeStock_839683445.webp\" alt=\"\">\n    <\/div>\n    <div class=\"content content-center\">\n        <div class=\"fil-ariane\">\n            <p id=\"breadcrumbs\"><span><span><a href=\"https:\/\/www.iatf-france.fr\/es\/\">Bienvenido<\/a><\/span><\/span><\/p>        <\/div>\n        <h1>Publicaciones IATF<\/h1>\n    <\/div>\n    <\/section>\n\n<section id=\"\" class=\"text-image-2 pt-md-4 contenu-simple\" style=\"\">\n    <div class=\"container\">\n         <div class=\"row\">\n<div class=\"col-12 col-md-6\">\n<div data-aos=\"fade-right\" class=' bloc-titre alignement-gauche'>\n    <div class='preambule' style='color:#000000'>Sobre<\/div><h2 class='titre moyen' style='color:#000000'>\n        Publicaciones <span style=\"color: #258AA7\"> IATF <\/span>\n    <\/h2><\/div>\n<\/div> \n\n<div class=\"col-12 col-md-6 pt-md-5\">\n<div class='bloc-texte '>\n    <p>IATF France pone a disposici\u00f3n la norma IATF 16949, las reglas para la obtenci\u00f3n y mantenimiento del reconocimiento IATF (6.\u00aa edici\u00f3n), as\u00ed como la Gu\u00eda del Auditor IATF para IATF 16949.<\/p>\n<p>Estos documentos constituyen las referencias esenciales para garantizar la conformidad, el desempe\u00f1o y la mejora continua de los sistemas de gesti\u00f3n de calidad en el sector de la automoci\u00f3n. Est\u00e1n disponibles en ingl\u00e9s, franc\u00e9s y espa\u00f1ol a trav\u00e9s de nuestros socios: AENOR, AFNOR y NORMADOC.<\/p>\n<\/div>\n<\/div> \n\n<div class=\"col-12 pt-md-3 mb-3\">\n<section class=\"  cards-organisme\">\n    <div class=\"cards\">\n        <div class=\"contents\">\n            <div class=\"row\">\n                                    <div class=\"col-md-4 col-sm-6 col-12\">\n                        <div class=\"custom-card\">\n                                                            <a href=\"https:\/\/tienda.aenor.com\/\" target=\"_blank\" rel=\"noopener noreferrer\" class=\"image\">\n                                    <img decoding=\"async\" src=\"https:\/\/www.iatf-france.fr\/wp-content\/uploads\/2025\/03\/AENOR-Tienda-2.png\" alt=\"\" \/>\n                                <\/a>\n                                                        <div class=\"content\">\n                                <div class=\"d-flex\">\n                                    <div class=\"titre\">AENOR Tienda<\/div>\n                                    <a href=\"#\" class=\"button-svg btn-modal-organisme\"\n                                        data-logo=\"https:\/\/www.iatf-france.fr\/wp-content\/uploads\/2025\/03\/AENOR-Tienda-2.png\"\n                                        data-alt=\"\"\n                                        data-titre=\"AENOR Tienda\"\n                                        data-texte=\"&lt;p&gt;AENOR contribuye a la transformaci\u00f3n de la sociedad generando confianza entre organizaciones y personas a trav\u00e9s de sus servicios de certificaci\u00f3n, inspecci\u00f3n, ensayo, formaci\u00f3n y consultor\u00eda. Como referente l\u00edder en Espa\u00f1a, la organizaci\u00f3n cuenta con m\u00e1s de 88.000 centros certificados en todo el mundo en \u00e1reas como calidad, inteligencia artificial, ciberseguridad, criterios ESG, gobernanza, igualdad, medio ambiente, construcci\u00f3n sostenible e industria de automoci\u00f3n.&lt;\/p&gt;\n&lt;p&gt;Tambi\u00e9n proporciona acceso a normas internacionales y espec\u00edficas del sector (UNE, EN, ISO, IEC, IATF, ASTM, SAE, IEEE) con un cat\u00e1logo de m\u00e1s de 500.000 referencias. Las normas y publicaciones se pueden adquirir de forma individual o mediante suscripciones, en diversos formatos e idiomas.&lt;\/p&gt;\n&lt;p&gt;Contact:&lt;\/p&gt;\n&lt;p&gt;customer services&lt;span style=&quot;color: #258aa7;&quot;&gt;&lt;a class=&quot;d-block tel&quot; style=&quot;color: #258aa7;&quot; href=&quot;tel:+ 34 (0) 914 326 036&quot;&gt;+ 34 (0) 914 326 036&lt;\/a&gt;&lt;a class=&quot;d-block mail&quot; style=&quot;color: #258aa7;&quot; href=&quot;mailto:normas@aenor.com&quot;&gt;normas@aenor.com&lt;\/a&gt;&lt;a class=&quot;d-block adresse&quot; style=&quot;color: #258aa7;&quot; href=&quot;https:\/\/maps.app.goo.gl\/&quot; target=&quot;_blank&quot; rel=&quot;noopener&quot;&gt;G\u00e9nova, 6 ; 28004 MADRID-Spain&lt;\/a&gt;&lt;a class=&quot;d-block url_site&quot; style=&quot;color: #258aa7;&quot; href=&quot;https:\/\/tienda.aenor.com\/&quot; target=&quot;_blank&quot; rel=&quot;noopener&quot;&gt;https:\/\/tienda.aenor.com\/&lt;\/a&gt;&lt;\/span&gt;&lt;\/p&gt;\n&lt;p&gt;&amp;nbsp;&lt;\/p&gt;\n\">\n                                        <svg xmlns=\"http:\/\/www.w3.org\/2000\/svg\" width=\"23.333\" height=\"23.333\" viewBox=\"0 0 23.333 23.333\">\n                                            <g id=\"Groupe_163591\" data-name=\"Groupe 163591\" transform=\"translate(-519 -1104.485)\">\n                                                <line id=\"Ligne_358\" data-name=\"Ligne 358\" y2=\"23.333\" transform=\"translate(531.043 1104.485)\" fill=\"none\" stroke=\"#258aa7\" stroke-width=\"3\" \/>\n                                                <line id=\"Ligne_359\" data-name=\"Ligne 359\" y2=\"23.333\" transform=\"translate(542.333 1115.776) rotate(90)\" fill=\"none\" stroke=\"#258aa7\" stroke-width=\"3\" \/>\n                                            <\/g>\n                                        <\/svg>\n                                    <\/a>\n                                <\/div>\n                            <\/div>\n                        <\/div>\n                    <\/div>\n                                    <div class=\"col-md-4 col-sm-6 col-12\">\n                        <div class=\"custom-card\">\n                                                            <a href=\"http:\/\/www.afnor.org\" target=\"_blank\" rel=\"noopener noreferrer\" class=\"image\">\n                                    <img decoding=\"async\" src=\"https:\/\/www.iatf-france.fr\/wp-content\/uploads\/2025\/04\/AFNOR-editions--e1764254751636.png\" alt=\"\" \/>\n                                <\/a>\n                                                        <div class=\"content\">\n                                <div class=\"d-flex\">\n                                    <div class=\"titre\">AFNOR Editions<\/div>\n                                    <a href=\"#\" class=\"button-svg btn-modal-organisme\"\n                                        data-logo=\"https:\/\/www.iatf-france.fr\/wp-content\/uploads\/2025\/04\/AFNOR-editions--e1764254751636.png\"\n                                        data-alt=\"\"\n                                        data-titre=\"AFNOR Editions\"\n                                        data-texte=\"&lt;p&gt;AFNOR Editions, distribuidor oficial de normas voluntarias en Francia, ofrece una colecci\u00f3n de 100 000 normas francesas, europeas e internacionales.&lt;\/p&gt;\n&lt;p&gt;Las normas pueden adquirirse de forma individual o mediante suscripciones, en distintos formatos, y en franc\u00e9s y\/o en ingl\u00e9s.&lt;\/p&gt;\n&lt;p&gt;Sus servicios y herramientas tienen como objetivo ayudar a sus clientes a comprender e interpretar las normas, con el fin de facilitar su implementaci\u00f3n.&lt;\/p&gt;\n&lt;p&gt;Contact:&lt;\/p&gt;\n&lt;p&gt;Mr Alain PAULY&lt;span style=&quot;color: #258aa7;&quot;&gt;&lt;a class=&quot;d-block tel&quot; style=&quot;color: #258aa7;&quot; href=&quot;tel:+ 33 (0)1 41 62 87 60&quot;&gt;+ 33 (0)1 41 62 87 60&lt;\/a&gt;&lt;a class=&quot;d-block mail&quot; style=&quot;color: #258aa7;&quot; href=&quot;mailto:alain.pauly@afnor.org&quot;&gt;alain.pauly@afnor.org&lt;\/a&gt;&lt;a class=&quot;d-block adresse&quot; style=&quot;color: #258aa7;&quot; href=&quot;https:\/\/maps.app.goo.gl\/&quot; target=&quot;_blank&quot; rel=&quot;noopener&quot;&gt;11 rue Francis de Pressens\u00e9 93 571 \u2013 La Plaine Saint-Denis cedex \/ France&lt;\/a&gt;&lt;\/span&gt;&lt;a class=&quot;d-block url_site&quot; href=&quot;https:\/\/iatf-france.fr\/iatf-publications\/www.afnor.org&quot; target=&quot;_blank&quot; rel=&quot;noopener&quot;&gt;&lt;span style=&quot;color: #258aa7;&quot;&gt;www.afnor.org&lt;\/span&gt;&lt;\/a&gt;&lt;\/p&gt;\n&lt;p&gt;&amp;nbsp;&lt;\/p&gt;\n\">\n                                        <svg xmlns=\"http:\/\/www.w3.org\/2000\/svg\" width=\"23.333\" height=\"23.333\" viewBox=\"0 0 23.333 23.333\">\n                                            <g id=\"Groupe_163591\" data-name=\"Groupe 163591\" transform=\"translate(-519 -1104.485)\">\n                                                <line id=\"Ligne_358\" data-name=\"Ligne 358\" y2=\"23.333\" transform=\"translate(531.043 1104.485)\" fill=\"none\" stroke=\"#258aa7\" stroke-width=\"3\" \/>\n                                                <line id=\"Ligne_359\" data-name=\"Ligne 359\" y2=\"23.333\" transform=\"translate(542.333 1115.776) rotate(90)\" fill=\"none\" stroke=\"#258aa7\" stroke-width=\"3\" \/>\n                                            <\/g>\n                                        <\/svg>\n                                    <\/a>\n                                <\/div>\n                            <\/div>\n                        <\/div>\n                    <\/div>\n                                    <div class=\"col-md-4 col-sm-6 col-12\">\n                        <div class=\"custom-card\">\n                                                            <a href=\"http:\/\/www.normadoc.com\" target=\"_blank\" rel=\"noopener noreferrer\" class=\"image\">\n                                    <img decoding=\"async\" src=\"https:\/\/www.iatf-france.fr\/wp-content\/uploads\/2025\/03\/NORMADOC-e1764254844559.png\" alt=\"\" \/>\n                                <\/a>\n                                                        <div class=\"content\">\n                                <div class=\"d-flex\">\n                                    <div class=\"titre\">NORMADOC<\/div>\n                                    <a href=\"#\" class=\"button-svg btn-modal-organisme\"\n                                        data-logo=\"https:\/\/www.iatf-france.fr\/wp-content\/uploads\/2025\/03\/NORMADOC-e1764254844559.png\"\n                                        data-alt=\"\"\n                                        data-titre=\"NORMADOC\"\n                                        data-texte=\"&lt;p&gt;NORMADOC est\u00e1 especializada en la difusi\u00f3n y b\u00fasqueda de documentos normativos, t\u00e9cnicos, jur\u00eddicos y cient\u00edficos, as\u00ed como bases de datos especializadas.&lt;\/p&gt;\n&lt;p&gt;La empresa ofrece :&lt;\/p&gt;\n&lt;p&gt;Venta de normas y otras publicaciones por unidad o por suscripci\u00f3n seg\u00fan sus necesidades y usos.&lt;\/p&gt;\n&lt;p&gt;Servicio de vigilancia normativa y reglamentaria personalizada para responder a las exigencias de sus certificaciones.&lt;\/p&gt;\n&lt;p&gt;Contact:&lt;\/p&gt;\n&lt;p&gt;Annie MONGODIN&lt;span style=&quot;color: #258aa7;&quot;&gt;&lt;a class=&quot;d-block tel&quot; style=&quot;color: #258aa7;&quot; href=&quot;tel:+ 33 (0) 1 40 02 03 05&quot;&gt;+ 33 (0) 1 40 02 03 05&lt;\/a&gt;&lt;a class=&quot;d-block mail&quot; style=&quot;color: #258aa7;&quot; href=&quot;mailto:info@normadoc.com&quot;&gt;info@normadoc.com&lt;\/a&gt;&lt;a class=&quot;d-block adresse&quot; style=&quot;color: #258aa7;&quot; href=&quot;https:\/\/maps.app.goo.gl\/&quot; target=&quot;_blank&quot; rel=&quot;noopener&quot;&gt;44 rue Liancourt \u2013 75014 PARIS \u2013 FRANCE&lt;\/a&gt;&lt;\/span&gt;&lt;a class=&quot;d-block url_site&quot; href=&quot;https:\/\/iatf-france.fr\/iatf-publications\/www.normadoc.com&quot; target=&quot;_blank&quot; rel=&quot;noopener&quot;&gt;&lt;span style=&quot;color: #258aa7;&quot;&gt;www.normadoc.com&lt;\/span&gt;&lt;\/a&gt;&lt;\/p&gt;\n\">\n                                        <svg xmlns=\"http:\/\/www.w3.org\/2000\/svg\" width=\"23.333\" height=\"23.333\" viewBox=\"0 0 23.333 23.333\">\n                                            <g id=\"Groupe_163591\" data-name=\"Groupe 163591\" transform=\"translate(-519 -1104.485)\">\n                                                <line id=\"Ligne_358\" data-name=\"Ligne 358\" y2=\"23.333\" transform=\"translate(531.043 1104.485)\" fill=\"none\" stroke=\"#258aa7\" stroke-width=\"3\" \/>\n                                                <line id=\"Ligne_359\" data-name=\"Ligne 359\" y2=\"23.333\" transform=\"translate(542.333 1115.776) rotate(90)\" fill=\"none\" stroke=\"#258aa7\" stroke-width=\"3\" \/>\n                                            <\/g>\n                                        <\/svg>\n                                    <\/a>\n                                <\/div>\n                            <\/div>\n                        <\/div>\n                    <\/div>\n                            <\/div>\n        <\/div>\n    <\/div>\n\n    <!-- Modal -->\n    <div class=\"modal-organisme\" id=\"modalOrganisme\">\n        <div class=\"modal-overlay\"><\/div>\n        <div class=\"modal-content\">\n            <button class=\"modal-close\">\n                <svg xmlns=\"http:\/\/www.w3.org\/2000\/svg\" width=\"13.06\" height=\"13.06\" viewBox=\"0 0 13.06 13.06\">\n                    <path id=\"Trac\u00e9_103742\" data-name=\"Trac\u00e9 103742\" d=\"M17.47,18.53,22.94,24,24,22.94l-5.47-5.47L24,12l-1.06-1.06-5.47,5.47L12,10.94,10.94,12l5.47,5.47-5.47,5.47L12,24Z\" transform=\"translate(-10.94 -10.94)\" fill-rule=\"evenodd\" \/>\n                <\/svg>\n            <\/button>\n            <div class=\"row justify-content-center\">\n                <div class=\"col-12 col-md-9\">\n                    <div class=\"details\">\n                        <h3 id=\"modalOrganismeTitre\" class=\"d-none\"><\/h3>\n                        <div class=\"image justify-content-start\">\n                            <img decoding=\"async\" src=\"\" alt=\"\" id=\"modalOrganismeLogo\">\n                        <\/div>\n                        <div class=\"texte\" id=\"modalOrganismeTexte\"><\/div>\n                    <\/div>\n                <\/div>\n            <\/div>\n        <\/div>\n    <\/div>\n<\/section>\n\n<script>\n    document.addEventListener('DOMContentLoaded', function() {\n        const modal = document.getElementById('modalOrganisme');\n        const modalLogo = document.getElementById('modalOrganismeLogo');\n        const btnOpenModal = document.querySelectorAll('.btn-modal-organisme');\n        const btnCloseModal = document.querySelector('.modal-organisme .modal-close');\n        const overlay = document.querySelector('.modal-organisme .modal-overlay');\n\n        btnOpenModal.forEach(btn => {\n            btn.addEventListener('click', function(e) {\n                e.preventDefault();\n                const logoUrl = this.getAttribute('data-logo');\n                const logoAlt = this.getAttribute('data-alt');\n                const titre = this.getAttribute('data-titre');\n                const texte = this.getAttribute('data-texte');\n\n                modalLogo.src = logoUrl;\n                modalLogo.alt = logoAlt;\n                document.getElementById('modalOrganismeTitre').innerHTML = titre;\n                document.getElementById('modalOrganismeTexte').innerHTML = texte;\n\n                modal.classList.add('active');\n            });\n        });\n\n        function closeModal() {\n            modal.classList.remove('active');\n        }\n\n        if (btnCloseModal) {\n            btnCloseModal.addEventListener('click', closeModal);\n        }\n\n        if (overlay) {\n            overlay.addEventListener('click', closeModal);\n        }\n\n        document.addEventListener('keydown', function(e) {\n            if (e.key === 'Escape' && modal.classList.contains('active')) {\n                closeModal();\n            }\n        });\n    });\n<\/script>\n<\/div> \n<\/div>\n    <\/div>\n<\/section>","protected":false},"excerpt":{"rendered":"","protected":false},"author":1,"featured_media":0,"parent":0,"menu_order":1,"comment_status":"closed","ping_status":"closed","template":"","meta":{"_acf_changed":false,"inline_featured_image":false,"footnotes":""},"class_list":["post-2673","page","type-page","status-publish","hentry"],"acf":[],"yoast_head":"<!-- This site is optimized with the Yoast SEO plugin v27.1.1 - https:\/\/yoast.com\/product\/yoast-seo-wordpress\/ -->\n<title>Publicaciones IATF - IATF France<\/title>\n<meta name=\"robots\" content=\"index, follow, max-snippet:-1, max-image-preview:large, max-video-preview:-1\" \/>\n<link rel=\"canonical\" href=\"https:\/\/www.iatf-france.fr\/es\/iatf-publications\/\" \/>\n<meta property=\"og:locale\" content=\"es_ES\" \/>\n<meta property=\"og:type\" content=\"article\" \/>\n<meta property=\"og:title\" content=\"Publicaciones IATF - IATF France\" \/>\n<meta property=\"og:url\" content=\"https:\/\/www.iatf-france.fr\/es\/iatf-publications\/\" \/>\n<meta property=\"og:site_name\" content=\"IATF France\" \/>\n<meta property=\"article:modified_time\" content=\"2026-03-11T15:09:00+00:00\" \/>\n<meta name=\"twitter:card\" content=\"summary_large_image\" \/>\n<script type=\"application\/ld+json\" class=\"yoast-schema-graph\">{\"@context\":\"https:\/\/schema.org\",\"@graph\":[{\"@type\":\"WebPage\",\"@id\":\"https:\/\/www.iatf-france.fr\/es\/iatf-publications\/\",\"url\":\"https:\/\/www.iatf-france.fr\/es\/iatf-publications\/\",\"name\":\"Publicaciones IATF - IATF France\",\"isPartOf\":{\"@id\":\"https:\/\/www.iatf-france.fr\/es\/#website\"},\"datePublished\":\"2025-02-04T14:03:33+00:00\",\"dateModified\":\"2026-03-11T15:09:00+00:00\",\"breadcrumb\":{\"@id\":\"https:\/\/www.iatf-france.fr\/es\/iatf-publications\/#breadcrumb\"},\"inLanguage\":\"es\",\"potentialAction\":[{\"@type\":\"ReadAction\",\"target\":[\"https:\/\/www.iatf-france.fr\/es\/iatf-publications\/\"]}]},{\"@type\":\"BreadcrumbList\",\"@id\":\"https:\/\/www.iatf-france.fr\/es\/iatf-publications\/#breadcrumb\",\"itemListElement\":[{\"@type\":\"ListItem\",\"position\":1,\"name\":\"Bienvenido\",\"item\":\"https:\/\/www.iatf-france.fr\/es\/\"},{\"@type\":\"ListItem\",\"position\":2,\"name\":\"Publicaciones IATF\"}]},{\"@type\":\"WebSite\",\"@id\":\"https:\/\/www.iatf-france.fr\/es\/#website\",\"url\":\"https:\/\/www.iatf-france.fr\/es\/\",\"name\":\"IATF France\",\"description\":\"\",\"potentialAction\":[{\"@type\":\"SearchAction\",\"target\":{\"@type\":\"EntryPoint\",\"urlTemplate\":\"https:\/\/www.iatf-france.fr\/es\/?s={search_term_string}\"},\"query-input\":{\"@type\":\"PropertyValueSpecification\",\"valueRequired\":true,\"valueName\":\"search_term_string\"}}],\"inLanguage\":\"es\"}]}<\/script>\n<!-- \/ Yoast SEO plugin. -->","yoast_head_json":{"title":"Publicaciones IATF - IATF France","robots":{"index":"index","follow":"follow","max-snippet":"max-snippet:-1","max-image-preview":"max-image-preview:large","max-video-preview":"max-video-preview:-1"},"canonical":"https:\/\/www.iatf-france.fr\/es\/iatf-publications\/","og_locale":"es_ES","og_type":"article","og_title":"Publicaciones IATF - IATF France","og_url":"https:\/\/www.iatf-france.fr\/es\/iatf-publications\/","og_site_name":"IATF France","article_modified_time":"2026-03-11T15:09:00+00:00","twitter_card":"summary_large_image","schema":{"@context":"https:\/\/schema.org","@graph":[{"@type":"WebPage","@id":"https:\/\/www.iatf-france.fr\/es\/iatf-publications\/","url":"https:\/\/www.iatf-france.fr\/es\/iatf-publications\/","name":"Publicaciones IATF - IATF France","isPartOf":{"@id":"https:\/\/www.iatf-france.fr\/es\/#website"},"datePublished":"2025-02-04T14:03:33+00:00","dateModified":"2026-03-11T15:09:00+00:00","breadcrumb":{"@id":"https:\/\/www.iatf-france.fr\/es\/iatf-publications\/#breadcrumb"},"inLanguage":"es","potentialAction":[{"@type":"ReadAction","target":["https:\/\/www.iatf-france.fr\/es\/iatf-publications\/"]}]},{"@type":"BreadcrumbList","@id":"https:\/\/www.iatf-france.fr\/es\/iatf-publications\/#breadcrumb","itemListElement":[{"@type":"ListItem","position":1,"name":"Bienvenido","item":"https:\/\/www.iatf-france.fr\/es\/"},{"@type":"ListItem","position":2,"name":"Publicaciones IATF"}]},{"@type":"WebSite","@id":"https:\/\/www.iatf-france.fr\/es\/#website","url":"https:\/\/www.iatf-france.fr\/es\/","name":"IATF France","description":"","potentialAction":[{"@type":"SearchAction","target":{"@type":"EntryPoint","urlTemplate":"https:\/\/www.iatf-france.fr\/es\/?s={search_term_string}"},"query-input":{"@type":"PropertyValueSpecification","valueRequired":true,"valueName":"search_term_string"}}],"inLanguage":"es"}]}},"_links":{"self":[{"href":"https:\/\/www.iatf-france.fr\/es\/wp-json\/wp\/v2\/pages\/2673","targetHints":{"allow":["GET"]}}],"collection":[{"href":"https:\/\/www.iatf-france.fr\/es\/wp-json\/wp\/v2\/pages"}],"about":[{"href":"https:\/\/www.iatf-france.fr\/es\/wp-json\/wp\/v2\/types\/page"}],"author":[{"embeddable":true,"href":"https:\/\/www.iatf-france.fr\/es\/wp-json\/wp\/v2\/users\/1"}],"replies":[{"embeddable":true,"href":"https:\/\/www.iatf-france.fr\/es\/wp-json\/wp\/v2\/comments?post=2673"}],"version-history":[{"count":39,"href":"https:\/\/www.iatf-france.fr\/es\/wp-json\/wp\/v2\/pages\/2673\/revisions"}],"predecessor-version":[{"id":4424,"href":"https:\/\/www.iatf-france.fr\/es\/wp-json\/wp\/v2\/pages\/2673\/revisions\/4424"}],"wp:attachment":[{"href":"https:\/\/www.iatf-france.fr\/es\/wp-json\/wp\/v2\/media?parent=2673"}],"curies":[{"name":"wp","href":"https:\/\/api.w.org\/{rel}","templated":true}]}}