{"id":2680,"date":"2025-02-04T17:44:10","date_gmt":"2025-02-04T16:44:10","guid":{"rendered":"https:\/\/iatf-france.fr\/actualites\/"},"modified":"2025-02-06T20:17:18","modified_gmt":"2025-02-06T19:17:18","slug":"actualites","status":"publish","type":"page","link":"https:\/\/www.iatf-france.fr\/en\/actualites\/","title":{"rendered":"News"},"content":{"rendered":"<section class=\"  bandeau-secondaire  \">\n    <div class=\"visuel\">\n        <img decoding=\"async\" src=\"https:\/\/www.iatf-france.fr\/wp-content\/uploads\/2025\/02\/AdobeStock_468739675.webp\" alt=\"\">\n    <\/div>\n    <div class=\"content content-center\">\n        <div class=\"fil-ariane\">\n            <p id=\"breadcrumbs\"><span><span><a href=\"https:\/\/www.iatf-france.fr\/en\/\">Home<\/a><\/span><\/span><\/p>        <\/div>\n        <h1>\u00e9v\u00e8nements et actualit\u00e9s<\/h1>\n    <\/div>\n    <\/section>\n\n<section id=\"\" class=\"liste-publications \" style=\"\">\n    <div class=\"container\">\n        <div class=\"row\">\n            <div class=\"col-12\">\n                <div class=\"filtre-publications\">\n                    <button class=\"bouton-tous active\" data-filter=\"*\">\n                        All                    <\/button>\n                    <button class=\"bouton-categorie\" data-filter=\".actualites-en\">Actualit\u00e9s<\/button><button class=\"bouton-categorie\" data-filter=\".non-classifiee\">Non classifi\u00e9(e)<\/button>                <\/div>\n            <\/div>\n        <\/div>\n        <div class=\"row publications-container\">\n                            <div class=\"col-12 col-md-6 col-lg-4 mb-4 publication actualites-en\" data-category=\" actualites-en\">\n                    <a class=\"card-lien\" href=\"https:\/\/www.iatf-france.fr\/en\/iatf-stakeholder-communique\/\">\n                                                    <div class=\"visuel\">\n                                <img decoding=\"async\" src=\"https:\/\/www.iatf-france.fr\/wp-content\/uploads\/2026\/03\/IATFF-1.jpg\" class=\"card-img-top\" alt=\"IATF Stakeholder Communiqu\u00e9\">\n                            <\/div>\n                                                                            <div class=\"row justify-content-between content-date-cate\">\n                                <span class=\"categorie-badge col-auto\">Actualit\u00e9s<\/span>\n                                <span class=\"date col-auto\">04\/03\/2026<\/span>\n                            <\/div>\n                                                <div class=\"textuel\">\n                            <h3>IATF Stakeholder Communiqu\u00e9<\/h3>\n                        <\/div>\n                    <\/a>\n                <\/div>\n                            <div class=\"col-12 col-md-6 col-lg-4 mb-4 publication actualites-en\" data-category=\" actualites-en\">\n                    <a class=\"card-lien\" href=\"https:\/\/www.iatf-france.fr\/en\/iatf-france-announces-relocation-to-new-offices-in-paris\/\">\n                                                    <div class=\"visuel\">\n                                <img decoding=\"async\" src=\"https:\/\/www.iatf-france.fr\/wp-content\/uploads\/2025\/05\/logoiatf.png\" class=\"card-img-top\" alt=\"IATF France Announces Relocation to New Offices in Paris\">\n                            <\/div>\n                                                                            <div class=\"row justify-content-between content-date-cate\">\n                                <span class=\"categorie-badge col-auto\">Actualit\u00e9s<\/span>\n                                <span class=\"date col-auto\">06\/01\/2026<\/span>\n                            <\/div>\n                                                <div class=\"textuel\">\n                            <h3>IATF France Announces Relocation to New Offices in Paris<\/h3>\n                        <\/div>\n                    <\/a>\n                <\/div>\n                            <div class=\"col-12 col-md-6 col-lg-4 mb-4 publication actualites-en\" data-category=\" actualites-en\">\n                    <a class=\"card-lien\" href=\"https:\/\/www.iatf-france.fr\/en\/2nd-iatf-france-sernauto-working-group-meeting\/\">\n                                                    <div class=\"visuel\">\n                                <img decoding=\"async\" src=\"https:\/\/www.iatf-france.fr\/wp-content\/uploads\/2025\/10\/SERNAUTO-600x338.jpg\" class=\"card-img-top\" alt=\"2nd IATF France \u2013 SERNAUTO Working Group Meeting\">\n                            <\/div>\n                                                                            <div class=\"row justify-content-between content-date-cate\">\n                                <span class=\"categorie-badge col-auto\">Actualit\u00e9s<\/span>\n                                <span class=\"date col-auto\">08\/10\/2025<\/span>\n                            <\/div>\n                                                <div class=\"textuel\">\n                            <h3>2nd IATF France \u2013 SERNAUTO Working Group Meeting<\/h3>\n                        <\/div>\n                    <\/a>\n                <\/div>\n                            <div class=\"col-12 col-md-6 col-lg-4 mb-4 publication actualites-en\" data-category=\" actualites-en\">\n                    <a class=\"card-lien\" href=\"https:\/\/www.iatf-france.fr\/en\/quality-at-the-heart-of-competitiveness\/\">\n                                                    <div class=\"visuel\">\n                                <img decoding=\"async\" src=\"https:\/\/www.iatf-france.fr\/wp-content\/uploads\/2025\/10\/FIEV-Quality-Day-543x600.jpg\" class=\"card-img-top\" alt=\"Quality at the heart of competitiveness!\">\n                            <\/div>\n                                                                            <div class=\"row justify-content-between content-date-cate\">\n                                <span class=\"categorie-badge col-auto\">Actualit\u00e9s<\/span>\n                                <span class=\"date col-auto\">07\/10\/2025<\/span>\n                            <\/div>\n                                                <div class=\"textuel\">\n                            <h3>Quality at the heart of competitiveness!<\/h3>\n                        <\/div>\n                    <\/a>\n                <\/div>\n                            <div class=\"col-12 col-md-6 col-lg-4 mb-4 publication actualites-en\" data-category=\" actualites-en\">\n                    <a class=\"card-lien\" href=\"https:\/\/www.iatf-france.fr\/en\/welcome-sernauto-first-associate-member-of-iatf-france\/\">\n                                                    <div class=\"visuel\">\n                                <img decoding=\"async\" src=\"https:\/\/www.iatf-france.fr\/wp-content\/uploads\/2025\/09\/Logos-SERNAUTO_IATF-france-002--600x262.jpg\" class=\"card-img-top\" alt=\"Welcome SERNAUTO, First Associate Member of IATF France!\">\n                            <\/div>\n                                                                            <div class=\"row justify-content-between content-date-cate\">\n                                <span class=\"categorie-badge col-auto\">Actualit\u00e9s<\/span>\n                                <span class=\"date col-auto\">16\/09\/2025<\/span>\n                            <\/div>\n                                                <div class=\"textuel\">\n                            <h3>Welcome SERNAUTO, First Associate Member of IATF France!<\/h3>\n                        <\/div>\n                    <\/a>\n                <\/div>\n                            <div class=\"col-12 col-md-6 col-lg-4 mb-4 publication actualites-en\" data-category=\" actualites-en\">\n                    <a class=\"card-lien\" href=\"https:\/\/www.iatf-france.fr\/en\/iatf-france-joins-spanish-association-for-quality-aec\/\">\n                                                    <div class=\"visuel\">\n                                <img decoding=\"async\" src=\"https:\/\/www.iatf-france.fr\/wp-content\/uploads\/2025\/07\/AEC-424x600.jpg\" class=\"card-img-top\" alt=\"IATF France Joins Spanish Association for Quality (AEC)\">\n                            <\/div>\n                                                                            <div class=\"row justify-content-between content-date-cate\">\n                                <span class=\"categorie-badge col-auto\">Actualit\u00e9s<\/span>\n                                <span class=\"date col-auto\">23\/07\/2025<\/span>\n                            <\/div>\n                                                <div class=\"textuel\">\n                            <h3>IATF France Joins Spanish Association for Quality (AEC)<\/h3>\n                        <\/div>\n                    <\/a>\n                <\/div>\n                            <div class=\"col-12 col-md-6 col-lg-4 mb-4 publication actualites-en\" data-category=\" actualites-en\">\n                    <a class=\"card-lien\" href=\"https:\/\/www.iatf-france.fr\/en\/iatf-france-takes-part-in-spanish-association-for-quality-aec-event\/\">\n                                                    <div class=\"visuel\">\n                                <img decoding=\"async\" src=\"https:\/\/www.iatf-france.fr\/wp-content\/uploads\/2025\/07\/1751277511413-600x375.jpg\" class=\"card-img-top\" alt=\"IATF France Takes Part in Spanish Association for Quality (AEC) Event\">\n                            <\/div>\n                                                                            <div class=\"row justify-content-between content-date-cate\">\n                                <span class=\"categorie-badge col-auto\">Actualit\u00e9s<\/span>\n                                <span class=\"date col-auto\">03\/07\/2025<\/span>\n                            <\/div>\n                                                <div class=\"textuel\">\n                            <h3>IATF France Takes Part in Spanish Association for Quality (AEC) Event<\/h3>\n                        <\/div>\n                    <\/a>\n                <\/div>\n                            <div class=\"col-12 col-md-6 col-lg-4 mb-4 publication actualites-en\" data-category=\" actualites-en\">\n                    <a class=\"card-lien\" href=\"https:\/\/www.iatf-france.fr\/en\/iatf-france-day-may-21-2025-in-versailles\/\">\n                                                    <div class=\"visuel\">\n                                <img decoding=\"async\" src=\"https:\/\/www.iatf-france.fr\/wp-content\/uploads\/2025\/05\/1000001665-600x358.jpg\" class=\"card-img-top\" alt=\"IATF France Day \u2013 May 21, 2025 in Versailles\">\n                            <\/div>\n                                                                            <div class=\"row justify-content-between content-date-cate\">\n                                <span class=\"categorie-badge col-auto\">Actualit\u00e9s<\/span>\n                                <span class=\"date col-auto\">27\/05\/2025<\/span>\n                            <\/div>\n                                                <div class=\"textuel\">\n                            <h3>IATF France Day \u2013 May 21, 2025 in Versailles<\/h3>\n                        <\/div>\n                    <\/a>\n                <\/div>\n                            <div class=\"col-12 col-md-6 col-lg-4 mb-4 publication actualites-en\" data-category=\" actualites-en\">\n                    <a class=\"card-lien\" href=\"https:\/\/www.iatf-france.fr\/en\/first-technical-working-group-meeting-between-iatf-france-and-sernauto\/\">\n                                                    <div class=\"visuel\">\n                                <img decoding=\"async\" src=\"https:\/\/www.iatf-france.fr\/wp-content\/uploads\/2025\/05\/foto-sernauto-1-002-600x592.jpg\" class=\"card-img-top\" alt=\"First Technical Working Group Meeting between IATF France and SERNAUTO\">\n                            <\/div>\n                                                                            <div class=\"row justify-content-between content-date-cate\">\n                                <span class=\"categorie-badge col-auto\">Actualit\u00e9s<\/span>\n                                <span class=\"date col-auto\">16\/05\/2025<\/span>\n                            <\/div>\n                                                <div class=\"textuel\">\n                            <h3>First Technical Working Group Meeting between IATF France and SERNAUTO<\/h3>\n                        <\/div>\n                    <\/a>\n                <\/div>\n                            <div class=\"col-12 col-md-6 col-lg-4 mb-4 publication actualites-en\" data-category=\" actualites-en\">\n                    <a class=\"card-lien\" href=\"https:\/\/www.iatf-france.fr\/en\/its-live-the-new-iatf-france-website-is-here\/\">\n                                                    <div class=\"visuel\">\n                                <img decoding=\"async\" src=\"https:\/\/www.iatf-france.fr\/wp-content\/uploads\/2025\/02\/AdobeStock_314821153-600x338.webp\" class=\"card-img-top\" alt=\"It\u2019s live! The new IATF France website is here!\">\n                            <\/div>\n                                                                            <div class=\"row justify-content-between content-date-cate\">\n                                <span class=\"categorie-badge col-auto\">Actualit\u00e9s<\/span>\n                                <span class=\"date col-auto\">05\/05\/2025<\/span>\n                            <\/div>\n                                                <div class=\"textuel\">\n                            <h3>It\u2019s live! The new IATF France website is here!<\/h3>\n                        <\/div>\n                    <\/a>\n                <\/div>\n                    <\/div>\n    <\/div>\n<\/section>\n\n\n\n<script>\n    document.addEventListener(\"DOMContentLoaded\", function() {\n        const filterButtons = document.querySelectorAll(\".filtre-publications button\");\n        const publications = document.querySelectorAll(\".publication\");\n\n        filterButtons.forEach(button => {\n            button.addEventListener(\"click\", function() {\n                const filter = this.getAttribute(\"data-filter\");\n\n                publications.forEach(pub => {\n                    if (filter === \"*\" || pub.classList.contains(filter.replace(\".\", \"\"))) {\n                        pub.style.display = \"block\";\n                    } else {\n                        pub.style.display = \"none\";\n                    }\n                });\n\n                \/\/ Retire la classe active de tous les boutons et l'ajoute au bouton s\u00e9lectionn\u00e9\n                filterButtons.forEach(btn => btn.classList.remove(\"active\"));\n                this.classList.add(\"active\");\n            });\n        });\n    });\n<\/script>","protected":false},"excerpt":{"rendered":"","protected":false},"author":1,"featured_media":0,"parent":0,"menu_order":8,"comment_status":"closed","ping_status":"closed","template":"","meta":{"_acf_changed":false,"inline_featured_image":false,"footnotes":""},"class_list":["post-2680","page","type-page","status-publish","hentry"],"acf":[],"yoast_head":"<!-- This site is optimized with the Yoast SEO plugin v27.1.1 - https:\/\/yoast.com\/product\/yoast-seo-wordpress\/ -->\n<title>News - IATF France<\/title>\n<meta name=\"robots\" content=\"index, follow, max-snippet:-1, max-image-preview:large, max-video-preview:-1\" \/>\n<link rel=\"canonical\" href=\"https:\/\/www.iatf-france.fr\/en\/actualites\/\" \/>\n<meta property=\"og:locale\" content=\"en_US\" \/>\n<meta property=\"og:type\" content=\"article\" \/>\n<meta property=\"og:title\" content=\"News - IATF France\" \/>\n<meta property=\"og:url\" content=\"https:\/\/www.iatf-france.fr\/en\/actualites\/\" \/>\n<meta property=\"og:site_name\" content=\"IATF France\" \/>\n<meta property=\"article:modified_time\" content=\"2025-02-06T19:17:18+00:00\" \/>\n<meta name=\"twitter:card\" content=\"summary_large_image\" \/>\n<script type=\"application\/ld+json\" class=\"yoast-schema-graph\">{\"@context\":\"https:\/\/schema.org\",\"@graph\":[{\"@type\":\"WebPage\",\"@id\":\"https:\/\/www.iatf-france.fr\/en\/actualites\/\",\"url\":\"https:\/\/www.iatf-france.fr\/en\/actualites\/\",\"name\":\"News - IATF France\",\"isPartOf\":{\"@id\":\"https:\/\/www.iatf-france.fr\/en\/#website\"},\"datePublished\":\"2025-02-04T16:44:10+00:00\",\"dateModified\":\"2025-02-06T19:17:18+00:00\",\"breadcrumb\":{\"@id\":\"https:\/\/www.iatf-france.fr\/en\/actualites\/#breadcrumb\"},\"inLanguage\":\"en-US\",\"potentialAction\":[{\"@type\":\"ReadAction\",\"target\":[\"https:\/\/www.iatf-france.fr\/en\/actualites\/\"]}]},{\"@type\":\"BreadcrumbList\",\"@id\":\"https:\/\/www.iatf-france.fr\/en\/actualites\/#breadcrumb\",\"itemListElement\":[{\"@type\":\"ListItem\",\"position\":1,\"name\":\"Home\",\"item\":\"https:\/\/www.iatf-france.fr\/en\/\"},{\"@type\":\"ListItem\",\"position\":2,\"name\":\"News\"}]},{\"@type\":\"WebSite\",\"@id\":\"https:\/\/www.iatf-france.fr\/en\/#website\",\"url\":\"https:\/\/www.iatf-france.fr\/en\/\",\"name\":\"IATF France\",\"description\":\"\",\"potentialAction\":[{\"@type\":\"SearchAction\",\"target\":{\"@type\":\"EntryPoint\",\"urlTemplate\":\"https:\/\/www.iatf-france.fr\/en\/?s={search_term_string}\"},\"query-input\":{\"@type\":\"PropertyValueSpecification\",\"valueRequired\":true,\"valueName\":\"search_term_string\"}}],\"inLanguage\":\"en-US\"}]}<\/script>\n<!-- \/ Yoast SEO plugin. -->","yoast_head_json":{"title":"News - IATF France","robots":{"index":"index","follow":"follow","max-snippet":"max-snippet:-1","max-image-preview":"max-image-preview:large","max-video-preview":"max-video-preview:-1"},"canonical":"https:\/\/www.iatf-france.fr\/en\/actualites\/","og_locale":"en_US","og_type":"article","og_title":"News - IATF France","og_url":"https:\/\/www.iatf-france.fr\/en\/actualites\/","og_site_name":"IATF France","article_modified_time":"2025-02-06T19:17:18+00:00","twitter_card":"summary_large_image","schema":{"@context":"https:\/\/schema.org","@graph":[{"@type":"WebPage","@id":"https:\/\/www.iatf-france.fr\/en\/actualites\/","url":"https:\/\/www.iatf-france.fr\/en\/actualites\/","name":"News - IATF France","isPartOf":{"@id":"https:\/\/www.iatf-france.fr\/en\/#website"},"datePublished":"2025-02-04T16:44:10+00:00","dateModified":"2025-02-06T19:17:18+00:00","breadcrumb":{"@id":"https:\/\/www.iatf-france.fr\/en\/actualites\/#breadcrumb"},"inLanguage":"en-US","potentialAction":[{"@type":"ReadAction","target":["https:\/\/www.iatf-france.fr\/en\/actualites\/"]}]},{"@type":"BreadcrumbList","@id":"https:\/\/www.iatf-france.fr\/en\/actualites\/#breadcrumb","itemListElement":[{"@type":"ListItem","position":1,"name":"Home","item":"https:\/\/www.iatf-france.fr\/en\/"},{"@type":"ListItem","position":2,"name":"News"}]},{"@type":"WebSite","@id":"https:\/\/www.iatf-france.fr\/en\/#website","url":"https:\/\/www.iatf-france.fr\/en\/","name":"IATF France","description":"","potentialAction":[{"@type":"SearchAction","target":{"@type":"EntryPoint","urlTemplate":"https:\/\/www.iatf-france.fr\/en\/?s={search_term_string}"},"query-input":{"@type":"PropertyValueSpecification","valueRequired":true,"valueName":"search_term_string"}}],"inLanguage":"en-US"}]}},"_links":{"self":[{"href":"https:\/\/www.iatf-france.fr\/en\/wp-json\/wp\/v2\/pages\/2680","targetHints":{"allow":["GET"]}}],"collection":[{"href":"https:\/\/www.iatf-france.fr\/en\/wp-json\/wp\/v2\/pages"}],"about":[{"href":"https:\/\/www.iatf-france.fr\/en\/wp-json\/wp\/v2\/types\/page"}],"author":[{"embeddable":true,"href":"https:\/\/www.iatf-france.fr\/en\/wp-json\/wp\/v2\/users\/1"}],"replies":[{"embeddable":true,"href":"https:\/\/www.iatf-france.fr\/en\/wp-json\/wp\/v2\/comments?post=2680"}],"version-history":[{"count":1,"href":"https:\/\/www.iatf-france.fr\/en\/wp-json\/wp\/v2\/pages\/2680\/revisions"}],"predecessor-version":[{"id":2730,"href":"https:\/\/www.iatf-france.fr\/en\/wp-json\/wp\/v2\/pages\/2680\/revisions\/2730"}],"wp:attachment":[{"href":"https:\/\/www.iatf-france.fr\/en\/wp-json\/wp\/v2\/media?parent=2680"}],"curies":[{"name":"wp","href":"https:\/\/api.w.org\/{rel}","templated":true}]}}