{"id":2674,"date":"2025-02-04T15:03:33","date_gmt":"2025-02-04T14:03:33","guid":{"rendered":"https:\/\/iatf-france.fr\/iatf-global\/"},"modified":"2026-01-23T11:31:30","modified_gmt":"2026-01-23T10:31:30","slug":"iatf-global","status":"publish","type":"page","link":"https:\/\/www.iatf-france.fr\/en\/iatf-global\/","title":{"rendered":"IATF Global"},"content":{"rendered":"<section class=\"mb-md-5  bandeau-secondaire  \">\n    <div class=\"visuel\">\n        <img decoding=\"async\" src=\"https:\/\/www.iatf-france.fr\/wp-content\/uploads\/2025\/02\/Groupe-163550.webp\" alt=\"\">\n    <\/div>\n    <div class=\"content content-center\">\n        <div class=\"fil-ariane\">\n            <p id=\"breadcrumbs\"><span><span><a href=\"https:\/\/www.iatf-france.fr\/en\/\">Home<\/a><\/span><\/span><\/p>        <\/div>\n        <h1>IATF Global<\/h1>\n    <\/div>\n    <\/section>\n\n<section id=\"\" class=\"text-image-2 pt-md-4 mb-md-0 pb-md-0 contenu-simple\" style=\"\">\n    <div class=\"container\">\n         <div class=\"row\">\n<div class=\"col-12 col-md-6\">\n<div data-aos=\"fade-right\" class=' bloc-titre alignement-gauche'>\n    <div class='preambule' style='color:#000000'>About<\/div><h2 class='titre moyen' style='color:#000000'>\n        IATF <span style=\"color: #258AA7\">Global<\/span>\n    <\/h2><\/div>\n<\/div> \n\n<div class=\"col-12 col-md-6 pt-md-5\">\n<div class='bloc-texte '>\n    <p>The IATF is a group of automotive manufacturers and their national associations, aiming to improve product quality for automotive customers globally. Its key goals include establishing common quality requirements, standardising third-party registration processes, offering appropriate training, and working together with external organisations.<\/p>\n<p>IATF members include the following automotive manufacturers: BMW Group, Ford Motor Company, Geely Holding Group, General Motors, IVECO Group, Jaguar Land Rover (JLR) Limited, Mercedes-Benz Group AG, Renault Group, Stellantis, Volkswagen AG, Volvo Group,<\/p>\n<p>As well as their respective national automotive industry associations: AIAG (United States), ANFIA (Italy), FIEV (France), SMMT (United Kingdom), and VDA (Germany).<\/p>\n<\/div>\n<\/div> \n<\/div>\n    <\/div>\n<\/section>\n\n<section id=\"\" class=\"pt-md-0 pb-md-5 section-container-custom contenu-simple\" style=\"\">\n    <div class=\"container\">\n         <div class=\"row\">\n<div class=\"col-12\">\n<div class='chiffres  '>\n    <div class=\"row justify-content-center\">\n        \n            <div class=\"col-12 col-md-3\">\n                <h2>> <span class=\"counter\" data-value=\"100000\">100000<\/span><\/h2>\n                <p>IATF 16949 certificates<\/p>\n            <\/div>\n\n        \n            <div class=\"col-12 col-md-3\">\n                <h2>> <span class=\"counter\" data-value=\"3600\">3600<\/span><\/h2>\n                <p>IATF third-party auditors<\/p>\n            <\/div>\n\n        \n            <div class=\"col-12 col-md-3\">\n                <h2><span class=\"counter\" data-value=\"41\">41<\/span><\/h2>\n                <p>IATF certification bodies<\/p>\n            <\/div>\n\n        \n            <div class=\"col-12 col-md-3\">\n                <h2><span class=\"counter\" data-value=\"101\">101<\/span><\/h2>\n                <p>Countries with an IATF certificate<\/p>\n            <\/div>\n\n            <\/div>\n<\/div>\n\n\n<script>\n    document.addEventListener(\"DOMContentLoaded\", function() {\n        const counters = document.querySelectorAll(\".counter\");\n\n        if (\"IntersectionObserver\" in window) {\n            let observer = new IntersectionObserver(\n                (entries, observer) => {\n                    entries.forEach((entry) => {\n                        if (entry.isIntersecting) {\n                            let counter = entry.target;\n                            let targetValue = parseInt(counter.dataset.value, 10);\n                            let duration = 2000; \/\/ Dur\u00e9e en ms\n                            let startTime = null;\n\n                            function animateCounter(time) {\n                                if (!startTime) startTime = time;\n                                let progress = Math.min((time - startTime) \/ duration, 1);\n                                counter.textContent = Math.floor(progress * targetValue);\n                                if (progress < 1) {\n                                    requestAnimationFrame(animateCounter);\n                                } else {\n                                    counter.textContent = targetValue; \/\/ Assurer la valeur finale\n                                }\n                            }\n\n                            requestAnimationFrame(animateCounter);\n                            observer.unobserve(counter); \/\/ Stop observer apr\u00e8s l'animation\n                        }\n                    });\n                }, {\n                    threshold: 0.5\n                } \/\/ D\u00e9clenche \u00e0 50% de visibilit\u00e9\n            );\n\n            counters.forEach((counter) => observer.observe(counter));\n        }\n    });\n<\/script>\n\n\n<\/div> \n<\/div>\n    <\/div>\n<\/section>\n\n<section id=\"\" class=\"pt-md-2 section-container-custom contenu-simple\" style=\"\">\n    <div class=\"container\">\n         <div class=\"row\">\n<div class=\"col-12\">\n<div data-aos=\"fade-right\" class=' bloc-titre alignement-gauche'>\n    <h2 class='titre grand' style='color:#000000'>\n        More information about IATF Global :\n    <\/h2><\/div>\n<\/div> \n\n<div class=\"col-12 col-md-3 mb-3\">\n\n    <a href=\"https:\/\/www.iatfglobaloversight.org\/about-iatf\/\" class=\"card-lien\">\n        <div class=\"visuel\">\n            <img decoding=\"async\" src=\"https:\/\/www.iatf-france.fr\/wp-content\/uploads\/2025\/02\/Image.webp\">\n        <\/div>\n        <div class=\"textuel\">\n            <h3>The members of the International Automotive Task Force (IATF)<\/h3>\n        <\/div>\n    <\/a>\n\n<\/div> \n\n<div class=\"col-12 col-md-3 mb-3\">\n\n    <a href=\"https:\/\/www.iatfglobaloversight.org\/about-iatf-oversight-offices\/\" class=\"card-lien\">\n        <div class=\"visuel\">\n            <img decoding=\"async\" src=\"https:\/\/www.iatf-france.fr\/wp-content\/uploads\/2025\/02\/Image1.webp\">\n        <\/div>\n        <div class=\"textuel\">\n            <h3>The IATF Oversight Offices<\/h3>\n        <\/div>\n    <\/a>\n\n<\/div> \n\n<div class=\"col-12 col-md-3 mb-3\">\n\n    <a href=\"https:\/\/www.iatfglobaloversight.org\/certification-bodies\/under-contract\/\" class=\"card-lien\">\n        <div class=\"visuel\">\n            <img decoding=\"async\" src=\"https:\/\/www.iatf-france.fr\/wp-content\/uploads\/2025\/02\/Image2.webp\">\n        <\/div>\n        <div class=\"textuel\">\n            <h3>Certification Bodies recognized by IATF<\/h3>\n        <\/div>\n    <\/a>\n\n<\/div> \n\n<div class=\"col-12 col-md-3 mb-3\">\n\n    <a href=\"https:\/\/www.iatfglobaloversight.org\/iatf-169492016\/iatf-169492016-faqs\/\" class=\"card-lien\">\n        <div class=\"visuel\">\n            <img decoding=\"async\" src=\"https:\/\/www.iatf-france.fr\/wp-content\/uploads\/2025\/02\/Image3.webp\">\n        <\/div>\n        <div class=\"textuel\">\n            <h3>FAQs and Sanctioned Interpretations of the IATF<\/h3>\n        <\/div>\n    <\/a>\n\n<\/div> \n\n<div class=\"col-12 col-md-3 mb-3\">\n\n    <a href=\"https:\/\/www.iatfglobaloversight.org\/iatf-stakeholder-communiques\/\" class=\"card-lien\">\n        <div class=\"visuel\">\n            <img decoding=\"async\" src=\"https:\/\/www.iatf-france.fr\/wp-content\/uploads\/2025\/02\/Image4.webp\">\n        <\/div>\n        <div class=\"textuel\">\n            <h3>IATF Stakeholder Communiqu\u00e9s<\/h3>\n        <\/div>\n    <\/a>\n\n<\/div> \n\n<div class=\"col-12 col-md-3 mb-3\">\n\n    <a href=\"https:\/\/www.iatfglobaloversight.org\/cbcommuniques\/\" class=\"card-lien\">\n        <div class=\"visuel\">\n            <img decoding=\"async\" src=\"https:\/\/www.iatf-france.fr\/wp-content\/uploads\/2025\/02\/Image5.webp\">\n        <\/div>\n        <div class=\"textuel\">\n            <h3>IATF CB Communiqu\u00e9s<\/h3>\n        <\/div>\n    <\/a>\n\n<\/div> \n\n<div class=\"col-12 col-md-3 mb-3\">\n\n    <a href=\"https:\/\/www.iatfglobaloversight.org\/oem-requirements\/customer-specific-requirements\/\" class=\"card-lien\">\n        <div class=\"visuel\">\n            <img decoding=\"async\" src=\"https:\/\/www.iatf-france.fr\/wp-content\/uploads\/2025\/02\/Image6.webp\">\n        <\/div>\n        <div class=\"textuel\">\n            <h3>Customer Specific Requirements<\/h3>\n        <\/div>\n    <\/a>\n\n<\/div> \n\n<div class=\"col-12 col-md-3 mb-3\">\n\n    <a href=\"https:\/\/www.iatfglobaloversight.org\/\" class=\"card-lien\">\n        <div class=\"visuel\">\n            <img decoding=\"async\" src=\"https:\/\/www.iatf-france.fr\/wp-content\/uploads\/2025\/02\/Image7.webp\">\n        <\/div>\n        <div class=\"textuel\">\n            <h3>General questions and answers on the IATF Certification Scheme<\/h3>\n        <\/div>\n    <\/a>\n\n<\/div> \n\n<div class=\"col-12 col-md-3 mb-3\">\n\n    <a href=\"https:\/\/www.iatfglobaloversight.org\/statistics\/\" class=\"card-lien\">\n        <div class=\"visuel\">\n            <img decoding=\"async\" src=\"https:\/\/www.iatf-france.fr\/wp-content\/uploads\/2025\/02\/Image10.webp\">\n        <\/div>\n        <div class=\"textuel\">\n            <h3>Statistics and Data on the IATF Certification Scheme<\/h3>\n        <\/div>\n    <\/a>\n\n<\/div> \n\n<div class=\"col-12 col-md-3\">\n\n    <a href=\"https:\/\/iatf-customerportal.org\/\" class=\"card-lien\">\n        <div class=\"visuel\">\n            <img decoding=\"async\" src=\"https:\/\/www.iatf-france.fr\/wp-content\/uploads\/2025\/02\/Image11.webp\">\n        <\/div>\n        <div class=\"textuel\">\n            <h3>IATF Customer Portal<\/h3>\n        <\/div>\n    <\/a>\n\n<\/div> \n<\/div>\n    <\/div>\n<\/section>","protected":false},"excerpt":{"rendered":"","protected":false},"author":1,"featured_media":0,"parent":0,"menu_order":1,"comment_status":"closed","ping_status":"closed","template":"","meta":{"_acf_changed":false,"inline_featured_image":false,"footnotes":""},"class_list":["post-2674","page","type-page","status-publish","hentry"],"acf":[],"yoast_head":"<!-- This site is optimized with the Yoast SEO plugin v27.1.1 - https:\/\/yoast.com\/product\/yoast-seo-wordpress\/ -->\n<title>IATF Global - IATF France<\/title>\n<meta name=\"robots\" content=\"index, follow, max-snippet:-1, max-image-preview:large, max-video-preview:-1\" \/>\n<link rel=\"canonical\" href=\"https:\/\/www.iatf-france.fr\/en\/iatf-global\/\" \/>\n<meta property=\"og:locale\" content=\"en_US\" \/>\n<meta property=\"og:type\" content=\"article\" \/>\n<meta property=\"og:title\" content=\"IATF Global - IATF France\" \/>\n<meta property=\"og:url\" content=\"https:\/\/www.iatf-france.fr\/en\/iatf-global\/\" \/>\n<meta property=\"og:site_name\" content=\"IATF France\" \/>\n<meta property=\"article:modified_time\" content=\"2026-01-23T10:31:30+00:00\" \/>\n<meta name=\"twitter:card\" content=\"summary_large_image\" \/>\n<script type=\"application\/ld+json\" class=\"yoast-schema-graph\">{\"@context\":\"https:\/\/schema.org\",\"@graph\":[{\"@type\":\"WebPage\",\"@id\":\"https:\/\/www.iatf-france.fr\/en\/iatf-global\/\",\"url\":\"https:\/\/www.iatf-france.fr\/en\/iatf-global\/\",\"name\":\"IATF Global - IATF France\",\"isPartOf\":{\"@id\":\"https:\/\/www.iatf-france.fr\/en\/#website\"},\"datePublished\":\"2025-02-04T14:03:33+00:00\",\"dateModified\":\"2026-01-23T10:31:30+00:00\",\"breadcrumb\":{\"@id\":\"https:\/\/www.iatf-france.fr\/en\/iatf-global\/#breadcrumb\"},\"inLanguage\":\"en-US\",\"potentialAction\":[{\"@type\":\"ReadAction\",\"target\":[\"https:\/\/www.iatf-france.fr\/en\/iatf-global\/\"]}]},{\"@type\":\"BreadcrumbList\",\"@id\":\"https:\/\/www.iatf-france.fr\/en\/iatf-global\/#breadcrumb\",\"itemListElement\":[{\"@type\":\"ListItem\",\"position\":1,\"name\":\"Home\",\"item\":\"https:\/\/www.iatf-france.fr\/en\/\"},{\"@type\":\"ListItem\",\"position\":2,\"name\":\"IATF Global\"}]},{\"@type\":\"WebSite\",\"@id\":\"https:\/\/www.iatf-france.fr\/en\/#website\",\"url\":\"https:\/\/www.iatf-france.fr\/en\/\",\"name\":\"IATF France\",\"description\":\"\",\"potentialAction\":[{\"@type\":\"SearchAction\",\"target\":{\"@type\":\"EntryPoint\",\"urlTemplate\":\"https:\/\/www.iatf-france.fr\/en\/?s={search_term_string}\"},\"query-input\":{\"@type\":\"PropertyValueSpecification\",\"valueRequired\":true,\"valueName\":\"search_term_string\"}}],\"inLanguage\":\"en-US\"}]}<\/script>\n<!-- \/ Yoast SEO plugin. -->","yoast_head_json":{"title":"IATF Global - IATF France","robots":{"index":"index","follow":"follow","max-snippet":"max-snippet:-1","max-image-preview":"max-image-preview:large","max-video-preview":"max-video-preview:-1"},"canonical":"https:\/\/www.iatf-france.fr\/en\/iatf-global\/","og_locale":"en_US","og_type":"article","og_title":"IATF Global - IATF France","og_url":"https:\/\/www.iatf-france.fr\/en\/iatf-global\/","og_site_name":"IATF France","article_modified_time":"2026-01-23T10:31:30+00:00","twitter_card":"summary_large_image","schema":{"@context":"https:\/\/schema.org","@graph":[{"@type":"WebPage","@id":"https:\/\/www.iatf-france.fr\/en\/iatf-global\/","url":"https:\/\/www.iatf-france.fr\/en\/iatf-global\/","name":"IATF Global - IATF France","isPartOf":{"@id":"https:\/\/www.iatf-france.fr\/en\/#website"},"datePublished":"2025-02-04T14:03:33+00:00","dateModified":"2026-01-23T10:31:30+00:00","breadcrumb":{"@id":"https:\/\/www.iatf-france.fr\/en\/iatf-global\/#breadcrumb"},"inLanguage":"en-US","potentialAction":[{"@type":"ReadAction","target":["https:\/\/www.iatf-france.fr\/en\/iatf-global\/"]}]},{"@type":"BreadcrumbList","@id":"https:\/\/www.iatf-france.fr\/en\/iatf-global\/#breadcrumb","itemListElement":[{"@type":"ListItem","position":1,"name":"Home","item":"https:\/\/www.iatf-france.fr\/en\/"},{"@type":"ListItem","position":2,"name":"IATF Global"}]},{"@type":"WebSite","@id":"https:\/\/www.iatf-france.fr\/en\/#website","url":"https:\/\/www.iatf-france.fr\/en\/","name":"IATF France","description":"","potentialAction":[{"@type":"SearchAction","target":{"@type":"EntryPoint","urlTemplate":"https:\/\/www.iatf-france.fr\/en\/?s={search_term_string}"},"query-input":{"@type":"PropertyValueSpecification","valueRequired":true,"valueName":"search_term_string"}}],"inLanguage":"en-US"}]}},"_links":{"self":[{"href":"https:\/\/www.iatf-france.fr\/en\/wp-json\/wp\/v2\/pages\/2674","targetHints":{"allow":["GET"]}}],"collection":[{"href":"https:\/\/www.iatf-france.fr\/en\/wp-json\/wp\/v2\/pages"}],"about":[{"href":"https:\/\/www.iatf-france.fr\/en\/wp-json\/wp\/v2\/types\/page"}],"author":[{"embeddable":true,"href":"https:\/\/www.iatf-france.fr\/en\/wp-json\/wp\/v2\/users\/1"}],"replies":[{"embeddable":true,"href":"https:\/\/www.iatf-france.fr\/en\/wp-json\/wp\/v2\/comments?post=2674"}],"version-history":[{"count":16,"href":"https:\/\/www.iatf-france.fr\/en\/wp-json\/wp\/v2\/pages\/2674\/revisions"}],"predecessor-version":[{"id":4222,"href":"https:\/\/www.iatf-france.fr\/en\/wp-json\/wp\/v2\/pages\/2674\/revisions\/4222"}],"wp:attachment":[{"href":"https:\/\/www.iatf-france.fr\/en\/wp-json\/wp\/v2\/media?parent=2674"}],"curies":[{"name":"wp","href":"https:\/\/api.w.org\/{rel}","templated":true}]}}